{"id":397,"date":"2014-11-08T14:31:25","date_gmt":"2014-11-08T12:31:25","guid":{"rendered":"http:\/\/weebro.de\/blechschwoba\/wordpress\/?page_id=397"},"modified":"2016-03-17T11:10:24","modified_gmt":"2016-03-17T09:10:24","slug":"das-sind-wir","status":"publish","type":"page","link":"http:\/\/weebro.de\/blechschwoba\/wordpress\/?page_id=397","title":{"rendered":"Das sind wir"},"content":{"rendered":"<h6 style=\"text-align: center;\">2013 wurde im Herzen des Welzheimer Walds die Idee geboren, eine Blaskapelle ins Leben zu rufen, mit dem ziel:<\/h6>\n<h6 style=\"text-align: center;\">b\u00f6hmisch-m\u00e4hrischer Blasmusik und der etwas anderen Unterhaltung mit Gesang f\u00fcr Spa\u00df \u00a0und stimmung zu sorgen, denn:<\/h6>\n<h3 style=\"text-align: center;\"><b><i>&#8222;Wenn es <span style=\"text-decoration: underline;\">UNS<\/span> auf der B\u00fchne Spa\u00df macht<\/i><\/b><b><i> \u2013<\/i><\/b> dann gef\u00e4llt es auch dem Publikum&#8220;<\/h3>\n<p><a href=\"http:\/\/weebro.de\/blechschwoba\/wordpress\/wp-content\/uploads\/2014\/11\/150.jpg\"><img loading=\"lazy\" decoding=\"async\" class=\"wp-image-223 aligncenter\" src=\"http:\/\/weebro.de\/blechschwoba\/wordpress\/wp-content\/uploads\/2014\/11\/150-752x1024.jpg\" alt=\"Heiko bereitet sich f\u00fcr unsere Luftballonpolka vor\" width=\"521\" height=\"709\" srcset=\"http:\/\/weebro.de\/blechschwoba\/wordpress\/wp-content\/uploads\/2014\/11\/150-752x1024.jpg 752w, http:\/\/weebro.de\/blechschwoba\/wordpress\/wp-content\/uploads\/2014\/11\/150-220x300.jpg 220w, http:\/\/weebro.de\/blechschwoba\/wordpress\/wp-content\/uploads\/2014\/11\/150.jpg 940w\" sizes=\"auto, (max-width: 521px) 100vw, 521px\" \/><\/a><\/p>\n<p>&nbsp;<\/p>\n","protected":false},"excerpt":{"rendered":"<p>2013 wurde im Herzen des Welzheimer Walds die Idee geboren, eine Blaskapelle ins Leben zu rufen, mit dem ziel: b\u00f6hmisch-m\u00e4hrischer Blasmusik und der etwas anderen Unterhaltung mit Gesang f\u00fcr Spa\u00df \u00a0und stimmung zu sorgen, denn: &#8222;Wenn es UNS auf der B\u00fchne Spa\u00df macht \u2013 dann gef\u00e4llt es auch dem Publikum&#8220; &nbsp;<\/p>\n","protected":false},"author":4,"featured_media":0,"parent":0,"menu_order":0,"comment_status":"closed","ping_status":"open","template":"","meta":{"footnotes":""},"class_list":["post-397","page","type-page","status-publish","hentry"],"_links":{"self":[{"href":"http:\/\/weebro.de\/blechschwoba\/wordpress\/index.php?rest_route=\/wp\/v2\/pages\/397","targetHints":{"allow":["GET"]}}],"collection":[{"href":"http:\/\/weebro.de\/blechschwoba\/wordpress\/index.php?rest_route=\/wp\/v2\/pages"}],"about":[{"href":"http:\/\/weebro.de\/blechschwoba\/wordpress\/index.php?rest_route=\/wp\/v2\/types\/page"}],"author":[{"embeddable":true,"href":"http:\/\/weebro.de\/blechschwoba\/wordpress\/index.php?rest_route=\/wp\/v2\/users\/4"}],"replies":[{"embeddable":true,"href":"http:\/\/weebro.de\/blechschwoba\/wordpress\/index.php?rest_route=%2Fwp%2Fv2%2Fcomments&post=397"}],"version-history":[{"count":16,"href":"http:\/\/weebro.de\/blechschwoba\/wordpress\/index.php?rest_route=\/wp\/v2\/pages\/397\/revisions"}],"predecessor-version":[{"id":715,"href":"http:\/\/weebro.de\/blechschwoba\/wordpress\/index.php?rest_route=\/wp\/v2\/pages\/397\/revisions\/715"}],"wp:attachment":[{"href":"http:\/\/weebro.de\/blechschwoba\/wordpress\/index.php?rest_route=%2Fwp%2Fv2%2Fmedia&parent=397"}],"curies":[{"name":"wp","href":"https:\/\/api.w.org\/{rel}","templated":true}]}}