{"id":768,"date":"2017-06-21T11:24:05","date_gmt":"2017-06-21T09:24:05","guid":{"rendered":"http:\/\/weebro.de\/blechschwoba\/wordpress\/?page_id=768"},"modified":"2018-01-02T17:58:20","modified_gmt":"2018-01-02T15:58:20","slug":"auftritte-2017","status":"publish","type":"page","link":"http:\/\/weebro.de\/blechschwoba\/wordpress\/?page_id=768","title":{"rendered":"2017"},"content":{"rendered":"<h2>Unsere Auftritte im Jahr 2017:<\/h2>\n<ul>\n<li><a href=\"http:\/\/weebro.de\/blechschwoba\/wordpress\/?page_id=777\">Welzheimer Fr\u00fchling<\/a><\/li>\n<li><a href=\"http:\/\/weebro.de\/blechschwoba\/wordpress\/?page_id=986\">Dorf Fest Klaffenbach 2017<\/a><\/li>\n<li><a href=\"http:\/\/weebro.de\/blechschwoba\/wordpress\/?page_id=774\">Schwabenpark 45-j\u00e4hriges Jubil\u00e4um<\/a><\/li>\n<\/ul>\n<p>&nbsp;<\/p>\n<h2>Sonstiges:<\/h2>\n<ul>\n<li><a href=\"http:\/\/weebro.de\/blechschwoba\/wordpress\/?page_id=867\">Probewochenende (24. bis 26 M\u00e4rz)<\/a><\/li>\n<\/ul>\n","protected":false},"excerpt":{"rendered":"<p>Unsere Auftritte im Jahr 2017: Welzheimer Fr\u00fchling Dorf Fest Klaffenbach 2017 Schwabenpark 45-j\u00e4hriges Jubil\u00e4um &nbsp; Sonstiges: Probewochenende (24. bis 26 M\u00e4rz)<\/p>\n","protected":false},"author":5,"featured_media":0,"parent":0,"menu_order":0,"comment_status":"closed","ping_status":"closed","template":"","meta":{"footnotes":""},"class_list":["post-768","page","type-page","status-publish","hentry"],"_links":{"self":[{"href":"http:\/\/weebro.de\/blechschwoba\/wordpress\/index.php?rest_route=\/wp\/v2\/pages\/768","targetHints":{"allow":["GET"]}}],"collection":[{"href":"http:\/\/weebro.de\/blechschwoba\/wordpress\/index.php?rest_route=\/wp\/v2\/pages"}],"about":[{"href":"http:\/\/weebro.de\/blechschwoba\/wordpress\/index.php?rest_route=\/wp\/v2\/types\/page"}],"author":[{"embeddable":true,"href":"http:\/\/weebro.de\/blechschwoba\/wordpress\/index.php?rest_route=\/wp\/v2\/users\/5"}],"replies":[{"embeddable":true,"href":"http:\/\/weebro.de\/blechschwoba\/wordpress\/index.php?rest_route=%2Fwp%2Fv2%2Fcomments&post=768"}],"version-history":[{"count":7,"href":"http:\/\/weebro.de\/blechschwoba\/wordpress\/index.php?rest_route=\/wp\/v2\/pages\/768\/revisions"}],"predecessor-version":[{"id":1048,"href":"http:\/\/weebro.de\/blechschwoba\/wordpress\/index.php?rest_route=\/wp\/v2\/pages\/768\/revisions\/1048"}],"wp:attachment":[{"href":"http:\/\/weebro.de\/blechschwoba\/wordpress\/index.php?rest_route=%2Fwp%2Fv2%2Fmedia&parent=768"}],"curies":[{"name":"wp","href":"https:\/\/api.w.org\/{rel}","templated":true}]}}